{"id":8,"date":"2013-10-16T07:04:28","date_gmt":"2013-10-16T07:04:28","guid":{"rendered":"http:\/\/nida-audio.com\/?page_id=8"},"modified":"2023-08-14T06:13:44","modified_gmt":"2023-08-14T06:13:44","slug":"musu-patirtis","status":"publish","type":"page","link":"https:\/\/nida-audio.com\/lv\/musu-pieredze\/","title":{"rendered":"M\u016bsu pieredze"},"content":{"rendered":"<p>UAB <em>\u201eLitexpress\u201d <\/em>savu darb\u012bbu s\u0101ka 1992. gad\u0101, ta\u010du akustisk\u0101s iek\u0101rtas konstru\u0113 jau vair\u0101k nek\u0101 40 gadu.<br \/>\nSkatuves apska\u0146o\u0161anas akustisko sist\u0113mu, pastiprin\u0101t\u0101ju un instrumentu efektu bloku konstru\u0113\u0161anu nomain\u012bja<br \/>\nm\u016bzikas atska\u0146o\u0161anas sist\u0113mas Kau\u0146as muzejam un z\u0101les apska\u0146o\u0161anas projekti, Hi-Fi klases m\u0101jas sist\u0113mas \u2013<br \/>\nprofesion\u0101l\u0101s aktiviz\u0113t\u0101s m\u016bzikas atska\u0146o\u0161anas sist\u0113mas. B\u016btiska un ekskluz\u012bva visu m\u016bsu akustisko projektu \u012bpatn\u012bba<br \/>\nir m\u016bzikas atska\u0146o\u0161anas sist\u0113mu zin\u0101tniski in\u017eeniertehnisk\u0101 konstru\u0113\u0161ana. <\/p>\n<ul>\n\u0160eit iepaz\u012bstin\u0101m ar jaun\u0101ko augstas iz\u0161\u0137irtsp\u0113jas aktiviz\u0113to ska\u0146as p\u0101rraides sist\u0113mu <em><a href=\"https:\/\/nida.nida-audio.com\/wp-content\/uploads\/2013\/02\/NIDA-Mk1-Bukletui.jpg\">NIDA Mk1<\/a><\/em>, ko izstr\u0101d\u0101ju\u0161i<br \/>\n\u201eCP AUDIO PROJECTS\u201d akustikas konstru\u0113\u0161anas noda\u013cas in\u017eenieri. \u0160is projekts jo \u012bpa\u0161i vainago m\u016bsu pieredzi.<br \/>\nTurkl\u0101t ilggad\u0113ja pieredze \u013cauj objekt\u012bvi nov\u0113rt\u0113t pas\u016bt\u012bt\u0101ja vajadz\u012bbas, izv\u0113l\u0113ties nepiecie\u0161am\u0101s iek\u0101rtas un noska\u0146ot sist\u0113mu.<br \/>\n<em><a href=\"https:\/\/nida.nida-audio.com\/wp-content\/uploads\/2013\/03\/NIDA-Mk1-poster_smal-be-adreso.jpg\">NIDA <\/a><\/em>sist\u0113mas ir \u013coti jut\u012bgas, t\u0101p\u0113c ir piem\u0113rotas no 20 l\u012bdz 300 m\u00b2 lielu telpu apska\u0146o\u0161anai. <\/p>\n<ul>\nTurkl\u0101t mums ir pie\u0161\u0137irtas Jap\u0101nas elektronisko iek\u0101rtu ra\u017eot\u0101ja <a href=\"https:\/\/accuphase.nida-audio.com\/lv\">\u201eAccuphase Laboratory Inc.\u201d<\/a> ekskluz\u012bv\u0101s<br \/>\nizplat\u012b\u0161anas ties\u012bbas, t\u0101p\u0113c varam nokomplekt\u0113t visu augst\u0101k\u0101s klases m\u016bzikas atska\u0146o\u0161anas sist\u0113mu un<br \/>\npieg\u0101d\u0101t to bez starpniekiem. <\/p>\n<ul>\nPied\u0101v\u0101jam \u0161\u0101du kvalitat\u012bvas m\u016bzikas atska\u0146o\u0161anas sist\u0113mas ieg\u0101des sh\u0113mu:<br \/>\n    &#8211; uzaicin\u0101m piedal\u012bties un paklaus\u012bties, k\u0101 darbojas <em>NIDA <\/em>sist\u0113ma, kas atkl\u0101j visas sist\u0113mas iesp\u0113jas;<br \/>\n    &#8211; p\u0113c J\u016bsu akustisk\u0101s vides un v\u0113lmju nov\u0113rt\u0113\u0161anas sagatavojam Jums nepiecie\u0161amo iek\u0101rtu specifik\u0101ciju;<br \/>\n    &#8211; uzst\u0101d\u0101m un noska\u0146ojam sist\u0113mu J\u016bsu m\u016bzikas telp\u0101.<\/p>\n","protected":false},"excerpt":{"rendered":"<p>UAB \u201eLitexpress\u201d savu darb\u012bbu s\u0101ka 1992. gad\u0101, ta\u010du akustisk\u0101s iek\u0101rtas konstru\u0113 jau vair\u0101k nek\u0101 40 gadu. Skatuves apska\u0146o\u0161anas akustisko sist\u0113mu, pastiprin\u0101t\u0101ju un instrumentu efektu bloku konstru\u0113\u0161anu nomain\u012bja m\u016bzikas atska\u0146o\u0161anas sist\u0113mas Kau\u0146as muzejam un z\u0101les apska\u0146o\u0161anas projekti, Hi-Fi klases m\u0101jas sist\u0113mas \u2013 profesion\u0101l\u0101s aktiviz\u0113t\u0101s m\u016bzikas atska\u0146o\u0161anas sist\u0113mas. B\u016btiska un ekskluz\u012bva visu m\u016bsu akustisko projektu \u012bpatn\u012bba ir [&hellip;]<\/p>\n","protected":false},"author":1,"featured_media":0,"parent":0,"menu_order":0,"comment_status":"open","ping_status":"open","template":"","meta":{"footnotes":""},"class_list":["post-8","page","type-page","status-publish","hentry"],"_links":{"self":[{"href":"https:\/\/nida-audio.com\/lv\/wp-json\/wp\/v2\/pages\/8","targetHints":{"allow":["GET"]}}],"collection":[{"href":"https:\/\/nida-audio.com\/lv\/wp-json\/wp\/v2\/pages"}],"about":[{"href":"https:\/\/nida-audio.com\/lv\/wp-json\/wp\/v2\/types\/page"}],"author":[{"embeddable":true,"href":"https:\/\/nida-audio.com\/lv\/wp-json\/wp\/v2\/users\/1"}],"replies":[{"embeddable":true,"href":"https:\/\/nida-audio.com\/lv\/wp-json\/wp\/v2\/comments?post=8"}],"version-history":[{"count":134,"href":"https:\/\/nida-audio.com\/lv\/wp-json\/wp\/v2\/pages\/8\/revisions"}],"predecessor-version":[{"id":236,"href":"https:\/\/nida-audio.com\/lv\/wp-json\/wp\/v2\/pages\/8\/revisions\/236"}],"wp:attachment":[{"href":"https:\/\/nida-audio.com\/lv\/wp-json\/wp\/v2\/media?parent=8"}],"curies":[{"name":"wp","href":"https:\/\/api.w.org\/{rel}","templated":true}]}}