{"id":10,"date":"2013-10-16T07:04:34","date_gmt":"2013-10-16T07:04:34","guid":{"rendered":"http:\/\/nida-audio.com\/?page_id=10"},"modified":"2023-10-06T09:19:45","modified_gmt":"2023-10-06T09:19:45","slug":"kontaktai","status":"publish","type":"page","link":"https:\/\/nida-audio.com\/lv\/kontaktai\/","title":{"rendered":"Kontakti"},"content":{"rendered":"<p><b>CP AUDIO PROJECTS <\/b>, UAB \u201eLitexpress\u201d strukt\u016brvien\u012bba<\/p>\n<p>Savanoriu pr. 172<br \/>\nLT-44149 Kauna, Lietuva<\/p>\n<p>E-pasts: <span style=\"text-decoration: underline; color: #00ccff;\"><span style=\"text-decoration: underline;\">info<a href=\"mailto:info@cpaudioprojects.com\" target=\"_blank\" rel=\"noopener\"><span style=\"color: #00ccff; text-decoration: underline;\">@cpaudioprojects.com<\/span><\/a><\/span><\/span><\/p>\n<p>Re\u0123istr\u0101cijas Nr.: 110329415<br \/>\nPVN maks\u0101t\u0101ja kods: LT103294113<\/p>\n","protected":false},"excerpt":{"rendered":"<p>CP AUDIO PROJECTS , UAB \u201eLitexpress\u201d strukt\u016brvien\u012bba Savanoriu pr. 172 LT-44149 Kauna, Lietuva E-pasts: info@cpaudioprojects.com Re\u0123istr\u0101cijas Nr.: 110329415 PVN maks\u0101t\u0101ja kods: LT103294113<\/p>\n","protected":false},"author":1,"featured_media":0,"parent":0,"menu_order":0,"comment_status":"open","ping_status":"open","template":"","meta":{"footnotes":""},"class_list":["post-10","page","type-page","status-publish","hentry"],"_links":{"self":[{"href":"https:\/\/nida-audio.com\/lv\/wp-json\/wp\/v2\/pages\/10","targetHints":{"allow":["GET"]}}],"collection":[{"href":"https:\/\/nida-audio.com\/lv\/wp-json\/wp\/v2\/pages"}],"about":[{"href":"https:\/\/nida-audio.com\/lv\/wp-json\/wp\/v2\/types\/page"}],"author":[{"embeddable":true,"href":"https:\/\/nida-audio.com\/lv\/wp-json\/wp\/v2\/users\/1"}],"replies":[{"embeddable":true,"href":"https:\/\/nida-audio.com\/lv\/wp-json\/wp\/v2\/comments?post=10"}],"version-history":[{"count":22,"href":"https:\/\/nida-audio.com\/lv\/wp-json\/wp\/v2\/pages\/10\/revisions"}],"predecessor-version":[{"id":237,"href":"https:\/\/nida-audio.com\/lv\/wp-json\/wp\/v2\/pages\/10\/revisions\/237"}],"wp:attachment":[{"href":"https:\/\/nida-audio.com\/lv\/wp-json\/wp\/v2\/media?parent=10"}],"curies":[{"name":"wp","href":"https:\/\/api.w.org\/{rel}","templated":true}]}}